{"id":3,"date":"2023-04-27T09:13:03","date_gmt":"2023-04-27T07:13:03","guid":{"rendered":"http:\/\/pl.lugrest.com\/?page_id=3"},"modified":"2026-01-15T10:15:09","modified_gmt":"2026-01-15T09:15:09","slug":"polityka-prywatnosci","status":"publish","type":"page","link":"https:\/\/pl.lugrest.com\/?page_id=3","title":{"rendered":"Polityka prywatno\u015bci"},"content":{"rendered":"\n<p>\u200b<\/p>\n\n\n\n<p><strong>Dane osobowe przetwarzane zgodnie z RODO przez LUGREST (dalej jako \u201eLUGREST\u201d, \u201eAdministrator\u201d, \u201eMy\u201d \u201enasz\u201d)<\/strong><\/p>\n\n\n\n<p>Og\u00f3lne rozporz\u0105dzenie o ochronie danych (UE) 2016\/679 (RODO) to regulacja w prawie UE dotycz\u0105ca ochrony danych i prywatno\u015bci w Unii Europejskiej (UE) i Europejskim Obszarze Gospodarczym (EOG).<\/p>\n\n\n\n<p>Uprzejmie informujemy, \u017ce administratorem Pa\u0144stwa danych osobowych jest LUGREST. Przetwarzamy Twoje dane osobowe w celu wype\u0142nienia obowi\u0105zk\u00f3w prawnych, kt\u00f3re wynikaj\u0105 z zakresu naszej dzia\u0142alno\u015bci lub z tytu\u0142u wi\u0105\u017c\u0105cej nas umowy. W zwi\u0105zku z tym przedstawiamy informacj\u0119 dotycz\u0105c\u0105 przetwarzania Twoich danych osobowych przez administratora Twoich danych osobowych.<\/p>\n\n\n\n<p><strong>Cel i podstawa prawna przetwarzania danych:<\/strong><\/p>\n\n\n\n<p>Przetwarzamy Twoje dane osobowe na podstawie art. 6 ust. 1 lit. b RODO, co oznacza, \u017ce przetwarzanie danych osobowych jest niezb\u0119dne do podj\u0119cia dzia\u0142a\u0144 na Twoje \u017c\u0105danie przed zawarciem umowy (np. przedstawienia oferty)<\/p>\n\n\n\n<p>Ponadto Twoje dane osobowe b\u0119d\u0105 przetwarzane na podstawie art. 6 ust. 1 lit. c RODO tj. w celu wype\u0142nienia obowi\u0105zk\u00f3w prawnych ci\u0105\u017c\u0105cych na administratorze danych osobowych wynikaj\u0105cych z przepis\u00f3w prawa dla cel\u00f3w podatkowych i rachunkowych.<\/p>\n\n\n\n<p>Pani\/Pana dane osobowe b\u0119d\u0105 przetwarzane r\u00f3wnie\u017c na podstawie art. 6 ust. 1 lit. c RODO tj. w celu realizacji prawnie uzasadnionych interes\u00f3w administratora danych osobowych \u2013 m.in. przesy\u0142ania ofert produktowych w celu prowadzenia dzia\u0142a\u0144 marketingu bezpo\u015bredniego (wyprzeda\u017ce, promocje itp.).<\/p>\n\n\n\n<p><strong>Informacje o odbiorcach Twoich danych osobowych lub ich kategoriach: Twoje dane osobowe mog\u0105 by\u0107 przekazywane:<\/strong><\/p>\n\n\n\n<p>1) upowa\u017cnione osoby pracuj\u0105ce na rzecz lub w imieniu LUGREST (np. umowa o dzie\u0142o, umowa zlecenia),<br>2) podwykonawcy,<br>3) us\u0142ugi utrzymania i wsparcia informatycznego,<br>4) banki, biura rachunkowe, izby prawnicze, us\u0142ugi logistyczne, us\u0142ugi zakupowe,<br>5) organy administracji rz\u0105dowej (np. urz\u0119dy skarbowe).<\/p>\n\n\n\n<p>Twoje dane osobowe nie b\u0119d\u0105 przekazywane do pa\u0144stwa trzeciego ani do organizacji mi\u0119dzynarodowej.<\/p>\n\n\n\n<p><strong>Dane osobowe b\u0119d\u0105 przetwarzane przez nast\u0119puj\u0105ce okresy:<\/strong><\/p>\n\n\n\n<p>Twoje dane osobowe b\u0119d\u0105 przetwarzane i przechowywane tak d\u0142ugo, jak b\u0119dzie to konieczne do wype\u0142nienia naszych zobowi\u0105za\u0144 umownych i regulacyjnych przewidzianych w kodeksie cywilnym, m.in. okres wymagany do przechowywania dokumentacji podatkowej wraz z dokumentacj\u0105 uzupe\u0142niaj\u0105c\u0105 wymagan\u0105 do zezna\u0144 podatkowych.<\/p>\n\n\n\n<p><strong>Osobom, kt\u00f3rych dane osobowe s\u0105 przetwarzane, przys\u0142uguj\u0105 odpowiednie prawa do:<\/strong><\/p>\n\n\n\n<p>1) \u017c\u0105dania od Administratora dost\u0119pu do danych osobowych os\u00f3b fizycznych,<br>2) \u017c\u0105dania sprostowania (poprawiania), usuni\u0119cia oraz ograniczenia przetwarzania swoich danych osobowych,<br>3) wniesienia sprzeciwu wobec przetwarzania lub \u017c\u0105dania przenoszenia swoich danych osobowych,<br>4) do cofni\u0119cia zgody w dowolnym momencie, przy czym wycofanie zgody nie wp\u0142ywa na zgodno\u015b\u0107 z prawem przetwarzania, kt\u00f3rego dokonano na podstawie zgody przed jej cofni\u0119ciem.<\/p>\n\n\n\n<p><strong>Osobom, kt\u00f3rym przekazanie danych osobowych przys\u0142uguje prawo wniesienia skargi do Prezesa Urz\u0119du Ochrony Danych Osobowych (PPDPO):<\/strong><\/p>\n\n\n\n<p>Podanie danych osobowych w celu wykonania umowy, a nast\u0119pnie przekazanie danych osobowych jest warunkiem zawarcia umowy. Odmowa podania danych skutkowa\u0107 b\u0119dzie brakiem mo\u017cliwo\u015bci zawarcia umowy i jej wykonania przez LUGREST.<\/p>\n\n\n\n<p>Podanie danych w zakresie niezb\u0119dnym do wykonania obowi\u0105zk\u00f3w prawnych ci\u0105\u017c\u0105cych na LUGREST (np. zeznanie podatkowe) jest wymogiem ustawowym. Nale\u017cy pami\u0119ta\u0107, \u017ce odmowa mo\u017ce uniemo\u017cliwi\u0107 firmie LUGREST wype\u0142nienie jej zobowi\u0105za\u0144 prawnych.<\/p>\n\n\n\n<p><strong>Informacje o zautomatyzowanym podejmowaniu decyzji i wykorzystywaniu danych do profilowania:<\/strong><\/p>\n\n\n\n<p>Twoje dane osobowe nie b\u0119d\u0105 przetwarzane w spos\u00f3b zautomatyzowany i nie b\u0119d\u0105 podlega\u0142y profilowaniu.<\/p>\n\n\n\n<p><\/p>\n","protected":false},"excerpt":{"rendered":"<p>\u200b Dane osobowe przetwarzane zgodnie z RODO przez LUGREST (dalej jako \u201eLUGREST\u201d, \u201eAdministrator\u201d, \u201eMy\u201d \u201enasz\u201d) Og\u00f3lne rozporz\u0105dzenie o ochronie danych (UE) 2016\/679 (RODO) to regulacja w prawie UE dotycz\u0105ca ochrony danych i prywatno\u015bci w Unii Europejskiej (UE) i Europejskim Obszarze Gospodarczym (EOG). Uprzejmie informujemy, \u017ce administratorem Pa\u0144stwa danych osobowych jest LUGREST. Przetwarzamy Twoje dane osobowe [&hellip;]<\/p>\n","protected":false},"author":1,"featured_media":0,"parent":0,"menu_order":0,"comment_status":"closed","ping_status":"open","template":"","meta":{"footnotes":""},"class_list":["post-3","page","type-page","status-publish","hentry"],"_links":{"self":[{"href":"https:\/\/pl.lugrest.com\/index.php?rest_route=\/wp\/v2\/pages\/3","targetHints":{"allow":["GET"]}}],"collection":[{"href":"https:\/\/pl.lugrest.com\/index.php?rest_route=\/wp\/v2\/pages"}],"about":[{"href":"https:\/\/pl.lugrest.com\/index.php?rest_route=\/wp\/v2\/types\/page"}],"author":[{"embeddable":true,"href":"https:\/\/pl.lugrest.com\/index.php?rest_route=\/wp\/v2\/users\/1"}],"replies":[{"embeddable":true,"href":"https:\/\/pl.lugrest.com\/index.php?rest_route=%2Fwp%2Fv2%2Fcomments&post=3"}],"version-history":[{"count":6,"href":"https:\/\/pl.lugrest.com\/index.php?rest_route=\/wp\/v2\/pages\/3\/revisions"}],"predecessor-version":[{"id":282,"href":"https:\/\/pl.lugrest.com\/index.php?rest_route=\/wp\/v2\/pages\/3\/revisions\/282"}],"wp:attachment":[{"href":"https:\/\/pl.lugrest.com\/index.php?rest_route=%2Fwp%2Fv2%2Fmedia&parent=3"}],"curies":[{"name":"wp","href":"https:\/\/api.w.org\/{rel}","templated":true}]}}