{"id":141,"date":"2023-05-08T10:13:28","date_gmt":"2023-05-08T08:13:28","guid":{"rendered":"https:\/\/pl.lugrest.com\/?page_id=141"},"modified":"2024-01-02T09:54:02","modified_gmt":"2024-01-02T08:54:02","slug":"kasza-i-rosliny-straczkowe","status":"publish","type":"page","link":"https:\/\/pl.lugrest.com\/?page_id=141","title":{"rendered":"Kasza i Ro\u015bliny Str\u0105czkowe"},"content":{"rendered":"\n<div style=\"height:19px\" aria-hidden=\"true\" class=\"wp-block-spacer\"><\/div>\n\n\n\n<p><strong>Aby uzyska\u0107 wi\u0119cej informacji, skontaktuj si\u0119 z nami pod adresem <\/strong><a href=\"mailto:lugrest@lugrest.com\">lugrest@lugrest.com<\/a><\/p>\n\n\n\n<figure class=\"wp-block-image size-full\"><img loading=\"lazy\" decoding=\"async\" width=\"553\" height=\"447\" src=\"http:\/\/pl.lugrest.com\/wp-content\/uploads\/2023\/05\/straczki_pl.jpg\" alt=\"\" class=\"wp-image-214\" srcset=\"https:\/\/pl.lugrest.com\/wp-content\/uploads\/2023\/05\/straczki_pl.jpg 553w, https:\/\/pl.lugrest.com\/wp-content\/uploads\/2023\/05\/straczki_pl-300x242.jpg 300w\" sizes=\"auto, (max-width: 553px) 100vw, 553px\" \/><\/figure>\n\n\n\n<div style=\"height:22px\" aria-hidden=\"true\" class=\"wp-block-spacer\"><\/div>\n\n\n\n<div class=\"wp-block-buttons is-content-justification-left is-layout-flex wp-container-core-buttons-is-layout-fc4fd283 wp-block-buttons-is-layout-flex\">\n<div class=\"wp-block-button\"><a class=\"wp-block-button__link has-base-color has-text-color has-background has-text-align-center wp-element-button\" href=\"https:\/\/pl.lugrest.com\/?page_id=24\" style=\"background:linear-gradient(151deg,rgb(6,103,17) 0%,rgb(6,103,17) 48%,rgb(83,24,138) 100%)\">KONTAKT<\/a><\/div>\n\n\n\n<div class=\"wp-block-button\"><a class=\"wp-block-button__link has-base-color has-text-color has-background wp-element-button\" href=\"https:\/\/pl.lugrest.com\/?page_id=28\" style=\"background:linear-gradient(151deg,rgb(6,103,17) 0%,rgb(6,103,17) 48%,rgb(83,24,138) 100%)\">US\u0141UGI<\/a><\/div>\n<\/div>\n","protected":false},"excerpt":{"rendered":"<p>Aby uzyska\u0107 wi\u0119cej informacji, skontaktuj si\u0119 z nami pod adresem lugrest@lugrest.com<\/p>\n","protected":false},"author":1,"featured_media":0,"parent":0,"menu_order":0,"comment_status":"closed","ping_status":"closed","template":"","meta":{"footnotes":""},"class_list":["post-141","page","type-page","status-publish","hentry"],"_links":{"self":[{"href":"https:\/\/pl.lugrest.com\/index.php?rest_route=\/wp\/v2\/pages\/141","targetHints":{"allow":["GET"]}}],"collection":[{"href":"https:\/\/pl.lugrest.com\/index.php?rest_route=\/wp\/v2\/pages"}],"about":[{"href":"https:\/\/pl.lugrest.com\/index.php?rest_route=\/wp\/v2\/types\/page"}],"author":[{"embeddable":true,"href":"https:\/\/pl.lugrest.com\/index.php?rest_route=\/wp\/v2\/users\/1"}],"replies":[{"embeddable":true,"href":"https:\/\/pl.lugrest.com\/index.php?rest_route=%2Fwp%2Fv2%2Fcomments&post=141"}],"version-history":[{"count":12,"href":"https:\/\/pl.lugrest.com\/index.php?rest_route=\/wp\/v2\/pages\/141\/revisions"}],"predecessor-version":[{"id":255,"href":"https:\/\/pl.lugrest.com\/index.php?rest_route=\/wp\/v2\/pages\/141\/revisions\/255"}],"wp:attachment":[{"href":"https:\/\/pl.lugrest.com\/index.php?rest_route=%2Fwp%2Fv2%2Fmedia&parent=141"}],"curies":[{"name":"wp","href":"https:\/\/api.w.org\/{rel}","templated":true}]}}